{"id":154,"date":"2019-10-26T05:00:11","date_gmt":"2019-10-26T05:00:11","guid":{"rendered":"http:\/\/fewo-meerblickfehmarn.de\/?page_id=154"},"modified":"2020-10-08T10:22:10","modified_gmt":"2020-10-08T10:22:10","slug":"wohnungsinfos","status":"publish","type":"page","link":"http:\/\/fewo-meerblickfehmarn.de\/?page_id=154","title":{"rendered":"Wohnungsinfos"},"content":{"rendered":"\n<figure class=\"wp-block-image size-medium is-resized is-style-rounded\"><img loading=\"lazy\" decoding=\"async\" src=\"http:\/\/fewo-meerblickfehmarn.de\/wp-content\/uploads\/2019\/09\/IMG_1665-225x300.jpg\" alt=\"\" class=\"wp-image-131\" width=\"345\" height=\"460\" srcset=\"http:\/\/fewo-meerblickfehmarn.de\/wp-content\/uploads\/2019\/09\/IMG_1665-225x300.jpg 225w, http:\/\/fewo-meerblickfehmarn.de\/wp-content\/uploads\/2019\/09\/IMG_1665.jpg 576w\" sizes=\"auto, (max-width: 345px) 100vw, 345px\" \/><figcaption>Essecke<\/figcaption><\/figure>\n\n\n\n<figure class=\"wp-block-image size-medium is-resized is-style-rounded\"><img loading=\"lazy\" decoding=\"async\" src=\"http:\/\/fewo-meerblickfehmarn.de\/wp-content\/uploads\/2019\/09\/IMG_1668-300x225.jpg\" alt=\"\" class=\"wp-image-134\" width=\"435\" height=\"326\" srcset=\"http:\/\/fewo-meerblickfehmarn.de\/wp-content\/uploads\/2019\/09\/IMG_1668-300x225.jpg 300w, http:\/\/fewo-meerblickfehmarn.de\/wp-content\/uploads\/2019\/09\/IMG_1668-768x576.jpg 768w, http:\/\/fewo-meerblickfehmarn.de\/wp-content\/uploads\/2019\/09\/IMG_1668.jpg 1024w\" sizes=\"auto, (max-width: 435px) 100vw, 435px\" \/><figcaption>Gem\u00fctliche Couchecke<\/figcaption><\/figure>\n\n\n\n<figure class=\"wp-block-image size-medium is-resized is-style-rounded\"><img loading=\"lazy\" decoding=\"async\" src=\"http:\/\/fewo-meerblickfehmarn.de\/wp-content\/uploads\/2019\/09\/DSCN7929-neu-225x300.jpg\" alt=\"\" class=\"wp-image-127\" width=\"313\" height=\"418\" srcset=\"http:\/\/fewo-meerblickfehmarn.de\/wp-content\/uploads\/2019\/09\/DSCN7929-neu-225x300.jpg 225w, http:\/\/fewo-meerblickfehmarn.de\/wp-content\/uploads\/2019\/09\/DSCN7929-neu.jpg 576w\" sizes=\"auto, (max-width: 313px) 100vw, 313px\" \/><figcaption>Kinder-\/Schlafzimmer<\/figcaption><\/figure>\n\n\n\n<figure class=\"wp-block-image size-medium is-resized is-style-rounded\"><img loading=\"lazy\" decoding=\"async\" src=\"http:\/\/fewo-meerblickfehmarn.de\/wp-content\/uploads\/2020\/10\/DSC_0289-201x300.jpg\" alt=\"\" class=\"wp-image-438\" width=\"311\" height=\"464\" srcset=\"http:\/\/fewo-meerblickfehmarn.de\/wp-content\/uploads\/2020\/10\/DSC_0289-201x300.jpg 201w, http:\/\/fewo-meerblickfehmarn.de\/wp-content\/uploads\/2020\/10\/DSC_0289-685x1024.jpg 685w, http:\/\/fewo-meerblickfehmarn.de\/wp-content\/uploads\/2020\/10\/DSC_0289-768x1147.jpg 768w, http:\/\/fewo-meerblickfehmarn.de\/wp-content\/uploads\/2020\/10\/DSC_0289-1028x1536.jpg 1028w, http:\/\/fewo-meerblickfehmarn.de\/wp-content\/uploads\/2020\/10\/DSC_0289-1371x2048.jpg 1371w, http:\/\/fewo-meerblickfehmarn.de\/wp-content\/uploads\/2020\/10\/DSC_0289-scaled.jpg 1714w\" sizes=\"auto, (max-width: 311px) 100vw, 311px\" \/><figcaption>Modernes Bad<\/figcaption><\/figure>\n\n\n\n<p><strong>Interesse? Dann finden Sie hier n\u00e4here Informationen zur Ferienwohnung und zur Buchung \u00fcber das Portal Fehmarn Travel:<\/strong><\/p>\n\n\n\n<!-- Die Objektpr\u00e4sentatoion wird nur dann korrekt auf Ihrer Homepage angezeigt, wenn Sie den HTML-Code wie vorgegeben mit dem externen Link einbinden. -->\n<b id=\"einzelansicht_iframe_child\">Einzelansicht f\u00fcr Meerblick <\/b><br>\n<script language=\"javascript\" src=\"https:\/\/www.travanto.de\/js\/index.externInclude.js\" type=\"text\/javascript\">\n<\/script>\n<script language=\"javascript\" type=\"text\/javascript\">\n    includeEinzelansicht.width\t\t=\t800;\n    includeEinzelansicht.height\t\t=\t679;\n    includeEinzelansicht.allg_http\t=\t'https:\/\/www.travanto.de';\n    includeEinzelansicht.objekt_nr\t=\t11166;\n    includeEinzelansicht.lang\t\t=\t'de';\n    includeEinzelansicht.objekt_url\t=\t'https:\/\/www.fehmarn-travel.de\/\/ferienwohnungen\/burgtiefe-suedstrand\/11166\/meerblick.php';\n    includeEinzelansicht.createIframe();\n<\/script>\n","protected":false},"excerpt":{"rendered":"<p>Interesse? Dann finden Sie hier n\u00e4here Informationen zur Ferienwohnung und zur Buchung \u00fcber das Portal Fehmarn Travel: Einzelansicht f\u00fcr Meerblick<\/p>\n","protected":false},"author":1,"featured_media":0,"parent":0,"menu_order":0,"comment_status":"closed","ping_status":"closed","template":"","meta":{"footnotes":""},"class_list":["post-154","page","type-page","status-publish","hentry"],"_links":{"self":[{"href":"http:\/\/fewo-meerblickfehmarn.de\/index.php?rest_route=\/wp\/v2\/pages\/154","targetHints":{"allow":["GET"]}}],"collection":[{"href":"http:\/\/fewo-meerblickfehmarn.de\/index.php?rest_route=\/wp\/v2\/pages"}],"about":[{"href":"http:\/\/fewo-meerblickfehmarn.de\/index.php?rest_route=\/wp\/v2\/types\/page"}],"author":[{"embeddable":true,"href":"http:\/\/fewo-meerblickfehmarn.de\/index.php?rest_route=\/wp\/v2\/users\/1"}],"replies":[{"embeddable":true,"href":"http:\/\/fewo-meerblickfehmarn.de\/index.php?rest_route=%2Fwp%2Fv2%2Fcomments&post=154"}],"version-history":[{"count":8,"href":"http:\/\/fewo-meerblickfehmarn.de\/index.php?rest_route=\/wp\/v2\/pages\/154\/revisions"}],"predecessor-version":[{"id":457,"href":"http:\/\/fewo-meerblickfehmarn.de\/index.php?rest_route=\/wp\/v2\/pages\/154\/revisions\/457"}],"wp:attachment":[{"href":"http:\/\/fewo-meerblickfehmarn.de\/index.php?rest_route=%2Fwp%2Fv2%2Fmedia&parent=154"}],"curies":[{"name":"wp","href":"https:\/\/api.w.org\/{rel}","templated":true}]}}